{"id":1593,"date":"2025-04-15T15:42:41","date_gmt":"2025-04-15T14:42:41","guid":{"rendered":"https:\/\/equa.4biz.ai\/?page_id=1593"},"modified":"2025-05-09T12:36:21","modified_gmt":"2025-05-09T11:36:21","slug":"4biz-equa-ai-per-i-diritti-di-tutti","status":"publish","type":"page","link":"https:\/\/equa.4biz.ai\/","title":{"rendered":"4BIZ Equa, AI per i diritti di tutti"},"content":{"rendered":"\t\t<div data-elementor-type=\"wp-page\" data-elementor-id=\"1593\" class=\"elementor elementor-1593\">\n\t\t\t\t<div class=\"elementor-element elementor-element-6619493 e-con-full e-flex e-con e-parent\" data-id=\"6619493\" data-element_type=\"container\">\n\t\t\t\t<div class=\"elementor-element elementor-element-da0f5a6 elementor-widget elementor-widget-tj-hero-banner\" data-id=\"da0f5a6\" data-element_type=\"widget\" data-widget_type=\"tj-hero-banner.default\">\n\t\t\t\t<div class=\"elementor-widget-container\">\n\t\t\t\t\t\n<section class=\"tj-hero-section\">\n      <div class=\"tj-circle-box\">\n      <span class=\"circle-1\"><\/span>\n      <span class=\"circle-2\"><\/span>\n      <span class=\"circle-3\"><\/span>\n      <span class=\"circle-4\"><\/span>\n      <span class=\"circle-5\"><\/span>\n      <span class=\"circle-6\"><\/span>\n      <span class=\"circle-7\"><\/span>\n      <span class=\"circle-8\"><\/span>\n    <\/div>\n  \n  <div class=\"container\">\n    <div class=\"row\">\n      <div class=\"col-12\">\n        <div class=\"hero-content-area\">\n          <div class=\"tj-sec-heading text-center\">\n            <!-- subtitle -->\n                          <span data-wow-delay=\"0.3s\" class=\"sub-title wow \">\n                AI per l&#039;accessibilit\u00e0 dei diritti              <\/span>\n            \n            <!-- title -->\n            <h1 class=\"title\">\u00c8 tempo di parlare di <span>diritti<\/span>. Fallo con Equa \ud83d\udc9a<\/h1>\n            <!-- desc -->\n                          <p class=\"desc\">\n                Abbiamo creato Equa, un agente vocale AI con cui puoi parlare direttamente in questa pagina, gratuitamente. <br \/>\nDiscuti di temi importanti come equit\u00e0, parit\u00e0 di genere e inclusione con un'intelligenza artificiale progettata per ascoltare e rispondere.              <\/p>\n                      <\/div>\n        <\/div>\n\n        <!-- banner image -->\n              <\/div>\n    <\/div>\n  <\/div>\n<\/section>\t\t\t\t<\/div>\n\t\t\t\t<\/div>\n\t\t\t\t<div class=\"elementor-element elementor-element-9eff5b7 tj_el_button elementor-align-center elementor-widget elementor-widget-tj-button\" data-id=\"9eff5b7\" data-element_type=\"widget\" data-widget_type=\"tj-button.default\">\n\t\t\t\t<div class=\"elementor-widget-container\">\n\t\t\t\t\t    <div class=\"tj_btn_wrapper\" >\n\n      <a href=\"#test\" class=\"tj-primary-btn\" data-wow-delay=\"s\" id=\"openSynapse\">\n        Parla con Equa              <\/a>\n    <\/div>\n\n\t\t\t\t<\/div>\n\t\t\t\t<\/div>\n\t\t\t\t<div class=\"elementor-element elementor-element-6bd4ad7 elementor-widget elementor-widget-spacer\" data-id=\"6bd4ad7\" data-element_type=\"widget\" data-widget_type=\"spacer.default\">\n\t\t\t\t<div class=\"elementor-widget-container\">\n\t\t\t\t\t\t\t<div class=\"elementor-spacer\">\n\t\t\t<div class=\"elementor-spacer-inner\"><\/div>\n\t\t<\/div>\n\t\t\t\t\t\t<\/div>\n\t\t\t\t<\/div>\n\t\t\t\t<\/div>\n\t\t<div class=\"elementor-element elementor-element-d4fb33e e-flex e-con-boxed e-con e-parent\" data-id=\"d4fb33e\" data-element_type=\"container\">\n\t\t\t\t\t<div class=\"e-con-inner\">\n\t\t\t\t<div class=\"elementor-element elementor-element-a745960 elementor-drop-cap-yes elementor-drop-cap-view-default elementor-widget elementor-widget-text-editor\" data-id=\"a745960\" data-element_type=\"widget\" data-settings=\"{&quot;drop_cap&quot;:&quot;yes&quot;}\" data-widget_type=\"text-editor.default\">\n\t\t\t\t<div class=\"elementor-widget-container\">\n\t\t\t\t\t\t\t\t\t<p>In un mondo in rapida trasformazione digitale, crediamo fermamente che l&#8217;Intelligenza Artificiale debba essere uno strumento di progresso inclusivo, equo e sostenibile. 4Biz Equa nasce dalla convinzione che la tecnologia pi\u00f9 avanzata debba essere accessibile a tutti, indipendentemente dalle caratteristiche personali, dall&#8217;origine geografica o dalle condizioni socioeconomiche.<\/p><h3>I nostri principi<\/h3><p><strong>EQUIT\u00c0<\/strong> &#8211; Crediamo che l&#8217;AI debba servire tutti, senza discriminazioni. Ci impegniamo a sviluppare sistemi che rispettino e valorizzino la diversit\u00e0 umana in tutte le sue forme.<\/p><p><strong>ACCESSIBILIT\u00c0<\/strong> &#8211; Lavoriamo per abbattere le barriere che impediscono a persone con disabilit\u00e0 o in situazioni di svantaggio di beneficiare pienamente delle opportunit\u00e0 offerte dall&#8217;Intelligenza Artificiale.<\/p><p><strong>TRASPARENZA<\/strong> &#8211; Promuoviamo lo sviluppo di sistemi AI comprensibili, la cui logica decisionale sia verificabile e contestabile da chi ne \u00e8 soggetto.<\/p><p><strong>RESPONSABILIT\u00c0<\/strong> &#8211; Riconosciamo il potere trasformativo dell&#8217;AI e ci assumiamo la responsabilit\u00e0 di guidarne lo sviluppo verso il bene comune, prevenendo abusi e discriminazioni.<\/p><p><strong>SOSTENIBILIT\u00c0 AMBIENTALE<\/strong> &#8211; Ci impegniamo affinch\u00e9 lo sviluppo dell&#8217;AI sia non solo compatibile con la tutela dell&#8217;ambiente, ma diventi un potente alleato nella lotta contro il cambiamento climatico e nella preservazione della biodiversit\u00e0.<\/p><p><strong>EFFICIENZA ENERGETICA<\/strong> &#8211; Promuoviamo la ricerca e l&#8217;adozione di modelli AI energeticamente efficienti, riducendo l&#8217;impronta ecologica dei centri di calcolo e delle infrastrutture digitali.<\/p><h3>In nostro impegno<\/h3><h3><span style=\"color: #251c20; font-family: Roboto, sans-serif; font-weight: 400; font-size: 16px;\">Con<\/span><span style=\"color: #251c20; font-family: Roboto, sans-serif; font-weight: 400; font-size: 16px;\"> 4Biz Equa ci impegniamo a:<\/span><\/h3><ol><li><strong>Innovare responsabilmente<\/strong>, progettando soluzioni AI che rispettino la dignit\u00e0 umana e promuovano l&#8217;inclusione sociale.<\/li><li><strong>Formare e sensibilizzare<\/strong> le nuove generazioni, le aziende e le istituzioni sul valore etico dell&#8217;AI e sul suo potenziale per il miglioramento della societ\u00e0.<\/li><li><strong>Collaborare con le comunit\u00e0 vulnerabili<\/strong> per comprenderne le esigenze specifiche e sviluppare soluzioni che rispondano concretamente ai loro bisogni.<\/li><li><strong>Promuovere politiche e standard<\/strong> che favoriscano un&#8217;AI equa, rispettosa dei diritti umani e orientata al bene comune.<\/li><li><strong>Misurare l&#8217;impatto sociale e ambientale<\/strong> delle nostre iniziative, per garantire che l&#8217;AI sia realmente uno strumento di empowerment per tutti e di tutela per il pianeta.<\/li><li><strong>Sviluppare soluzioni AI per la sostenibilit\u00e0<\/strong>, applicando l&#8217;intelligenza artificiale al monitoraggio ambientale, alla gestione efficiente delle risorse e all&#8217;ottimizzazione dei consumi energetici.<\/li><li><strong>Ridurre l&#8217;impronta carbonica<\/strong> dei nostri sistemi AI, adottando infrastrutture green, energie rinnovabili e algoritmi ottimizzati per minimizzare il consumo energetico.<\/li><\/ol><h3>Il futuro che vogliamo<\/h3><h3><span style=\"color: #251c20; font-family: Roboto, sans-serif; font-size: 16px; font-weight: 400;\">Immaginiamo un futuro in cui l&#8217;Intelligenza Artificiale sia:<\/span><\/h3><ul><li>Un <strong>amplificatore di capacit\u00e0 umane<\/strong>, che potenzi le nostre possibilit\u00e0 senza sostituirsi al nostro giudizio.<\/li><li>Un <strong>equalizzatore di opportunit\u00e0<\/strong>, che riduca i divari sociali anzich\u00e9 amplificarli.<\/li><li>Un <strong>catalizzatore di cooperazione<\/strong> tra esseri umani, culture e nazioni diverse.<\/li><li>Un <strong>alleato nella tutela dei diritti fondamentali<\/strong> e nella promozione della dignit\u00e0 di ogni persona.<\/li><li>Un <strong>custode dell&#8217;ambiente<\/strong>, capace di accelerare la transizione ecologica e proteggere gli ecosistemi.<\/li><li>Un <strong>ottimizzatore di risorse<\/strong>, in grado di ridurre gli sprechi e massimizzare l&#8217;efficienza energetica.<\/li><li>Un <strong>difensore della biodiversit\u00e0<\/strong>, che aiuti a monitorare e preservare le specie a rischio e i loro habitat.<\/li><\/ul><h3>\u00a0<\/h3><h3>Unisciti a noi<\/h3><div>\u00a0<\/div><p>4Biz Equa \u00e8 pi\u00f9 di un progetto: \u00e8 un movimento che mira a orientare lo sviluppo dell&#8217;AI verso un futuro pi\u00f9 giusto ed equo. Ti invitiamo a unirti a noi in questo viaggio, contribuendo con le tue idee, competenze ed esperienze alla costruzione di una tecnologia veramente al servizio dell&#8217;umanit\u00e0.<\/p><p><strong>Perch\u00e9 crediamo che un&#8217; AI equa non sia solo possibile, ma necessaria.<\/strong><\/p>\t\t\t\t\t\t\t\t<\/div>\n\t\t\t\t<\/div>\n\t\t\t\t\t<\/div>\n\t\t\t\t<\/div>\n\t\t<div class=\"elementor-element elementor-element-6dc1ec9 e-flex e-con-boxed e-con e-parent\" data-id=\"6dc1ec9\" data-element_type=\"container\">\n\t\t\t\t\t<div class=\"e-con-inner\">\n\t\t\t\t<div class=\"elementor-element elementor-element-c77c7de elementor-widget elementor-widget-html\" data-id=\"c77c7de\" data-element_type=\"widget\" id=\"test\" data-widget_type=\"html.default\">\n\t\t\t\t<div class=\"elementor-widget-container\">\n\t\t\t\t\t<elevenlabs-convai agent-id=\"3UX4a9kB4caguXOv2ysG\"><\/elevenlabs-convai><script src=\"https:\/\/elevenlabs.io\/convai-widget\/index.js\" async type=\"text\/javascript\"><\/script>\t\t\t\t<\/div>\n\t\t\t\t<\/div>\n\t\t\t\t\t<\/div>\n\t\t\t\t<\/div>\n\t\t<div class=\"elementor-element elementor-element-344f922 e-flex e-con-boxed e-con e-parent\" data-id=\"344f922\" data-element_type=\"container\">\n\t\t\t\t\t<div class=\"e-con-inner\">\n\t\t\t\t<div class=\"elementor-element elementor-element-8e7447f elementor-widget-divider--view-line elementor-widget elementor-widget-divider\" data-id=\"8e7447f\" data-element_type=\"widget\" data-widget_type=\"divider.default\">\n\t\t\t\t<div class=\"elementor-widget-container\">\n\t\t\t\t\t\t\t<div class=\"elementor-divider\">\n\t\t\t<span class=\"elementor-divider-separator\">\n\t\t\t\t\t\t<\/span>\n\t\t<\/div>\n\t\t\t\t\t\t<\/div>\n\t\t\t\t<\/div>\n\t\t\t\t\t<\/div>\n\t\t\t\t<\/div>\n\t\t<div class=\"elementor-element elementor-element-d9574d1 e-flex e-con-boxed e-con e-parent\" data-id=\"d9574d1\" data-element_type=\"container\" data-settings=\"{&quot;background_background&quot;:&quot;classic&quot;}\">\n\t\t\t\t\t<div class=\"e-con-inner\">\n\t\t\t\t<div class=\"elementor-element elementor-element-fea457c elementor-widget elementor-widget-tj-heading\" data-id=\"fea457c\" data-element_type=\"widget\" data-widget_type=\"tj-heading.default\">\n\t\t\t\t<div class=\"elementor-widget-container\">\n\t\t\t\t\t      <div class=\"tj_heading\">\n        <h2 class=\"title\">L'ottimizzazione della tua azienda \u00e8 un test gratuito di distanza<\/h2>      <\/div>\n\t\t\t\t<\/div>\n\t\t\t\t<\/div>\n\t\t\t\t<div class=\"elementor-element elementor-element-162296a tj_el_button elementor-align-right elementor-widget__width-initial elementor-widget elementor-widget-tj-button\" data-id=\"162296a\" data-element_type=\"widget\" data-widget_type=\"tj-button.default\">\n\t\t\t\t<div class=\"elementor-widget-container\">\n\t\t\t\t\t    <div class=\"tj_btn_wrapper\" >\n\n      <a href=\"#\" class=\"tj-primary-btn\" data-wow-delay=\"s\">\n        Inizia ora              <\/a>\n    <\/div>\n\n\t\t\t\t<\/div>\n\t\t\t\t<\/div>\n\t\t\t\t\t<\/div>\n\t\t\t\t<\/div>\n\t\t<div class=\"elementor-element elementor-element-086eee3 e-flex e-con-boxed e-con e-parent\" data-id=\"086eee3\" data-element_type=\"container\" data-settings=\"{&quot;background_background&quot;:&quot;classic&quot;}\">\n\t\t\t\t\t<div class=\"e-con-inner\">\n\t\t\t\t<div class=\"elementor-element elementor-element-c5df412 tj_section_align elementor-align-center elementor-widget__width-initial elementor-widget elementor-widget-tj-counter\" data-id=\"c5df412\" data-element_type=\"widget\" data-widget_type=\"tj-counter.default\">\n\t\t\t\t<div class=\"elementor-widget-container\">\n\t\t\t\t\t\n<div class=\"counter-item\">\n  <!-- counter -->\n      <div class=\"tj-count\">\n      <span><\/span>\n      <span class=\"odometer\" data-count=\"120\">\n        0      <\/span>\n      <span>+<\/span>\n    <\/div>\n  \n  <!-- title -->\n      <span class=\"sub-title\">Clienti efficienti<\/span>\n  <\/div>\t\t\t\t<\/div>\n\t\t\t\t<\/div>\n\t\t<div class=\"elementor-element elementor-element-a33d5db e-con-full elementor-hidden-mobile e-flex e-con e-child\" data-id=\"a33d5db\" data-element_type=\"container\" data-settings=\"{&quot;background_background&quot;:&quot;classic&quot;}\">\n\t\t\t\t<\/div>\n\t\t\t\t<div class=\"elementor-element elementor-element-0d68a50 tj_section_align elementor-align-center elementor-widget__width-initial elementor-widget elementor-widget-tj-counter\" data-id=\"0d68a50\" data-element_type=\"widget\" data-widget_type=\"tj-counter.default\">\n\t\t\t\t<div class=\"elementor-widget-container\">\n\t\t\t\t\t\n<div class=\"counter-item\">\n  <!-- counter -->\n      <div class=\"tj-count\">\n      <span><\/span>\n      <span class=\"odometer\" data-count=\"500\">\n        0      <\/span>\n      <span>+<\/span>\n    <\/div>\n  \n  <!-- title -->\n      <span class=\"sub-title\">Analisi realizzate<\/span>\n  <\/div>\t\t\t\t<\/div>\n\t\t\t\t<\/div>\n\t\t<div class=\"elementor-element elementor-element-7a0e67d e-con-full elementor-hidden-mobile e-flex e-con e-child\" data-id=\"7a0e67d\" data-element_type=\"container\" data-settings=\"{&quot;background_background&quot;:&quot;classic&quot;}\">\n\t\t\t\t<\/div>\n\t\t\t\t<div class=\"elementor-element elementor-element-d60c12d tj_section_align elementor-align-center elementor-widget__width-initial elementor-widget elementor-widget-tj-counter\" data-id=\"d60c12d\" data-element_type=\"widget\" data-widget_type=\"tj-counter.default\">\n\t\t\t\t<div class=\"elementor-widget-container\">\n\t\t\t\t\t\n<div class=\"counter-item\">\n  <!-- counter -->\n      <div class=\"tj-count\">\n      <span><\/span>\n      <span class=\"odometer\" data-count=\"400\">\n        0      <\/span>\n      <span>%<\/span>\n    <\/div>\n  \n  <!-- title -->\n      <span class=\"sub-title\">ROI medio<\/span>\n  <\/div>\t\t\t\t<\/div>\n\t\t\t\t<\/div>\n\t\t<div class=\"elementor-element elementor-element-8345399 e-con-full elementor-hidden-mobile e-flex e-con e-child\" data-id=\"8345399\" data-element_type=\"container\" data-settings=\"{&quot;background_background&quot;:&quot;classic&quot;}\">\n\t\t\t\t<\/div>\n\t\t\t\t\t<\/div>\n\t\t\t\t<\/div>\n\t\t<div class=\"elementor-element elementor-element-15cc893 e-grid e-con-boxed e-con e-parent\" data-id=\"15cc893\" data-element_type=\"container\" data-settings=\"{&quot;background_background&quot;:&quot;gradient&quot;}\">\n\t\t\t\t\t<div class=\"e-con-inner\">\n\t\t<div class=\"elementor-element elementor-element-ccbdf35 e-con-full e-flex e-con e-child\" data-id=\"ccbdf35\" data-element_type=\"container\">\n\t\t\t\t<div class=\"elementor-element elementor-element-f116f52 elementor-widget elementor-widget-tj-heading\" data-id=\"f116f52\" data-element_type=\"widget\" data-widget_type=\"tj-heading.default\">\n\t\t\t\t<div class=\"elementor-widget-container\">\n\t\t\t\t\t      <div class=\"tj_heading\">\n        <h2 class=\"title\">Perch\u00e8 bisogna iniziare ora?<\/h2>      <\/div>\n\t\t\t\t<\/div>\n\t\t\t\t<\/div>\n\t\t\t\t<div class=\"elementor-element elementor-element-c2de1b1 elementor-widget elementor-widget-tj-text\" data-id=\"c2de1b1\" data-element_type=\"widget\" data-widget_type=\"tj-text.default\">\n\t\t\t\t<div class=\"elementor-widget-container\">\n\t\t\t\t\t      <div class=\"editor_text\"><p><strong>L\u2019AI sta cambiando tutto. Anche il tuo settore.<\/strong><\/p><p><br \/>Ogni giorno senza agire \u00e8 un vantaggio che regali alla concorrenza.<\/p><p><br \/><strong>La scelta \u00e8 tua. Per ora.<\/strong><\/p><\/div>\n\t\t\t\t<\/div>\n\t\t\t\t<\/div>\n\t\t\t\t<div class=\"elementor-element elementor-element-3b4e6db tj_el_button elementor-align-center elementor-widget elementor-widget-tj-button\" data-id=\"3b4e6db\" data-element_type=\"widget\" data-widget_type=\"tj-button.default\">\n\t\t\t\t<div class=\"elementor-widget-container\">\n\t\t\t\t\t    <div class=\"tj_btn_wrapper\" >\n\n      <a href=\"https:\/\/forms.gle\/cXZ3cZBX8AhsG3x99\" class=\"tj-primary-btn\" data-wow-delay=\"s\">\n        Inizia subito              <\/a>\n    <\/div>\n\n\t\t\t\t<\/div>\n\t\t\t\t<\/div>\n\t\t\t\t<\/div>\n\t\t\t\t\t<\/div>\n\t\t\t\t<\/div>\n\t\t<div class=\"elementor-element elementor-element-7fd8559 e-flex e-con-boxed e-con e-parent\" data-id=\"7fd8559\" data-element_type=\"container\">\n\t\t\t\t\t<div class=\"e-con-inner\">\n\t\t\t\t<div class=\"elementor-element elementor-element-29c6e63 elementor-widget-divider--view-line elementor-widget elementor-widget-divider\" data-id=\"29c6e63\" data-element_type=\"widget\" data-widget_type=\"divider.default\">\n\t\t\t\t<div class=\"elementor-widget-container\">\n\t\t\t\t\t\t\t<div class=\"elementor-divider\">\n\t\t\t<span class=\"elementor-divider-separator\">\n\t\t\t\t\t\t<\/span>\n\t\t<\/div>\n\t\t\t\t\t\t<\/div>\n\t\t\t\t<\/div>\n\t\t\t\t\t<\/div>\n\t\t\t\t<\/div>\n\t\t\t\t<\/div>\n\t\t","protected":false},"excerpt":{"rendered":"<p>AI per l&#039;accessibilit\u00e0 dei diritti \u00c8 tempo di parlare di diritti. Fallo con Equa \ud83d\udc9a Abbiamo creato Equa, un agente vocale AI con cui puoi parlare direttamente in questa pagina, gratuitamente. Discuti di temi importanti come equit\u00e0, parit\u00e0 di genere e inclusione con un&#8217;intelligenza artificiale progettata per ascoltare e rispondere. Parla con Equa In un [&hellip;]<\/p>\n","protected":false},"author":1,"featured_media":0,"parent":0,"menu_order":0,"comment_status":"closed","ping_status":"closed","template":"elementor_header_footer","meta":{"_acf_changed":false,"footnotes":""},"class_list":["post-1593","page","type-page","status-publish","hentry"],"acf":[],"yoast_head":"<!-- This site is optimized with the Yoast SEO plugin v24.6 - https:\/\/yoast.com\/wordpress\/plugins\/seo\/ -->\n<title>Aiutiamo le aziende a prendere decisioni grazie all&#039;AI<\/title>\n<meta name=\"description\" content=\"Trasforma la tua azienda con 4BIZ: previsioni precise, automazioni smart e assistenti virtuali 24\/7. Prendi decisioni migliori grazie all&#039;intelligenza artificiale. Prova ora! Aiutiamo le aziende a prendere decisioni grazie all&#039;AI.\" \/>\n<meta name=\"robots\" content=\"index, follow, max-snippet:-1, max-image-preview:large, max-video-preview:-1\" \/>\n<link rel=\"canonical\" href=\"https:\/\/equa.4biz.ai\/\" \/>\n<meta property=\"og:locale\" content=\"it_IT\" \/>\n<meta property=\"og:type\" content=\"article\" \/>\n<meta property=\"og:title\" content=\"Aiutiamo le aziende a prendere decisioni grazie all&#039;AI\" \/>\n<meta property=\"og:description\" content=\"Trasforma la tua azienda con 4BIZ: previsioni precise, automazioni smart e assistenti virtuali 24\/7. Prendi decisioni migliori grazie all&#039;intelligenza artificiale. Prova ora! Aiutiamo le aziende a prendere decisioni grazie all&#039;AI.\" \/>\n<meta property=\"og:url\" content=\"https:\/\/equa.4biz.ai\/\" \/>\n<meta property=\"og:site_name\" content=\"4BIZ, aiutiamo le aziende a prendere decisioni grazie all&#039;AI\" \/>\n<meta property=\"article:modified_time\" content=\"2025-05-09T11:36:21+00:00\" \/>\n<meta name=\"twitter:card\" content=\"summary_large_image\" \/>\n<meta name=\"twitter:label1\" content=\"Tempo di lettura stimato\" \/>\n\t<meta name=\"twitter:data1\" content=\"4 minuti\" \/>\n<script type=\"application\/ld+json\" class=\"yoast-schema-graph\">{\"@context\":\"https:\/\/schema.org\",\"@graph\":[{\"@type\":\"WebPage\",\"@id\":\"https:\/\/equa.4biz.ai\/\",\"url\":\"https:\/\/equa.4biz.ai\/\",\"name\":\"Aiutiamo le aziende a prendere decisioni grazie all'AI\",\"isPartOf\":{\"@id\":\"https:\/\/equa.4biz.ai\/#website\"},\"datePublished\":\"2025-04-15T14:42:41+00:00\",\"dateModified\":\"2025-05-09T11:36:21+00:00\",\"description\":\"Trasforma la tua azienda con 4BIZ: previsioni precise, automazioni smart e assistenti virtuali 24\/7. Prendi decisioni migliori grazie all'intelligenza artificiale. Prova ora! Aiutiamo le aziende a prendere decisioni grazie all'AI.\",\"breadcrumb\":{\"@id\":\"https:\/\/equa.4biz.ai\/#breadcrumb\"},\"inLanguage\":\"it-IT\",\"potentialAction\":[{\"@type\":\"ReadAction\",\"target\":[\"https:\/\/equa.4biz.ai\/\"]}]},{\"@type\":\"BreadcrumbList\",\"@id\":\"https:\/\/equa.4biz.ai\/#breadcrumb\",\"itemListElement\":[{\"@type\":\"ListItem\",\"position\":1,\"name\":\"Home\",\"item\":\"https:\/\/equa.4biz.ai\/\"},{\"@type\":\"ListItem\",\"position\":2,\"name\":\"4BIZ Equa, AI per i diritti di tutti\"}]},{\"@type\":\"WebSite\",\"@id\":\"https:\/\/equa.4biz.ai\/#website\",\"url\":\"https:\/\/equa.4biz.ai\/\",\"name\":\"4BIZ, aiutiamo le aziende a prendere decisioni grazie all&#039;AI\",\"description\":\"\",\"potentialAction\":[{\"@type\":\"SearchAction\",\"target\":{\"@type\":\"EntryPoint\",\"urlTemplate\":\"https:\/\/equa.4biz.ai\/?s={search_term_string}\"},\"query-input\":{\"@type\":\"PropertyValueSpecification\",\"valueRequired\":true,\"valueName\":\"search_term_string\"}}],\"inLanguage\":\"it-IT\"}]}<\/script>\n<!-- \/ Yoast SEO plugin. -->","yoast_head_json":{"title":"Aiutiamo le aziende a prendere decisioni grazie all'AI","description":"Trasforma la tua azienda con 4BIZ: previsioni precise, automazioni smart e assistenti virtuali 24\/7. Prendi decisioni migliori grazie all'intelligenza artificiale. Prova ora! Aiutiamo le aziende a prendere decisioni grazie all'AI.","robots":{"index":"index","follow":"follow","max-snippet":"max-snippet:-1","max-image-preview":"max-image-preview:large","max-video-preview":"max-video-preview:-1"},"canonical":"https:\/\/equa.4biz.ai\/","og_locale":"it_IT","og_type":"article","og_title":"Aiutiamo le aziende a prendere decisioni grazie all'AI","og_description":"Trasforma la tua azienda con 4BIZ: previsioni precise, automazioni smart e assistenti virtuali 24\/7. Prendi decisioni migliori grazie all'intelligenza artificiale. Prova ora! Aiutiamo le aziende a prendere decisioni grazie all'AI.","og_url":"https:\/\/equa.4biz.ai\/","og_site_name":"4BIZ, aiutiamo le aziende a prendere decisioni grazie all&#039;AI","article_modified_time":"2025-05-09T11:36:21+00:00","twitter_card":"summary_large_image","twitter_misc":{"Tempo di lettura stimato":"4 minuti"},"schema":{"@context":"https:\/\/schema.org","@graph":[{"@type":"WebPage","@id":"https:\/\/equa.4biz.ai\/","url":"https:\/\/equa.4biz.ai\/","name":"Aiutiamo le aziende a prendere decisioni grazie all'AI","isPartOf":{"@id":"https:\/\/equa.4biz.ai\/#website"},"datePublished":"2025-04-15T14:42:41+00:00","dateModified":"2025-05-09T11:36:21+00:00","description":"Trasforma la tua azienda con 4BIZ: previsioni precise, automazioni smart e assistenti virtuali 24\/7. Prendi decisioni migliori grazie all'intelligenza artificiale. Prova ora! Aiutiamo le aziende a prendere decisioni grazie all'AI.","breadcrumb":{"@id":"https:\/\/equa.4biz.ai\/#breadcrumb"},"inLanguage":"it-IT","potentialAction":[{"@type":"ReadAction","target":["https:\/\/equa.4biz.ai\/"]}]},{"@type":"BreadcrumbList","@id":"https:\/\/equa.4biz.ai\/#breadcrumb","itemListElement":[{"@type":"ListItem","position":1,"name":"Home","item":"https:\/\/equa.4biz.ai\/"},{"@type":"ListItem","position":2,"name":"4BIZ Equa, AI per i diritti di tutti"}]},{"@type":"WebSite","@id":"https:\/\/equa.4biz.ai\/#website","url":"https:\/\/equa.4biz.ai\/","name":"4BIZ, aiutiamo le aziende a prendere decisioni grazie all&#039;AI","description":"","potentialAction":[{"@type":"SearchAction","target":{"@type":"EntryPoint","urlTemplate":"https:\/\/equa.4biz.ai\/?s={search_term_string}"},"query-input":{"@type":"PropertyValueSpecification","valueRequired":true,"valueName":"search_term_string"}}],"inLanguage":"it-IT"}]}},"_links":{"self":[{"href":"https:\/\/equa.4biz.ai\/index.php?rest_route=\/wp\/v2\/pages\/1593","targetHints":{"allow":["GET"]}}],"collection":[{"href":"https:\/\/equa.4biz.ai\/index.php?rest_route=\/wp\/v2\/pages"}],"about":[{"href":"https:\/\/equa.4biz.ai\/index.php?rest_route=\/wp\/v2\/types\/page"}],"author":[{"embeddable":true,"href":"https:\/\/equa.4biz.ai\/index.php?rest_route=\/wp\/v2\/users\/1"}],"replies":[{"embeddable":true,"href":"https:\/\/equa.4biz.ai\/index.php?rest_route=%2Fwp%2Fv2%2Fcomments&post=1593"}],"version-history":[{"count":52,"href":"https:\/\/equa.4biz.ai\/index.php?rest_route=\/wp\/v2\/pages\/1593\/revisions"}],"predecessor-version":[{"id":1672,"href":"https:\/\/equa.4biz.ai\/index.php?rest_route=\/wp\/v2\/pages\/1593\/revisions\/1672"}],"wp:attachment":[{"href":"https:\/\/equa.4biz.ai\/index.php?rest_route=%2Fwp%2Fv2%2Fmedia&parent=1593"}],"curies":[{"name":"wp","href":"https:\/\/api.w.org\/{rel}","templated":true}]}}